{"id":1729,"date":"2025-08-15T09:39:00","date_gmt":"2025-08-15T09:39:00","guid":{"rendered":"https:\/\/operatrafik.com\/product\/cle-prieto-robusto\/"},"modified":"2025-08-18T07:16:01","modified_gmt":"2025-08-18T07:16:01","slug":"cle-prieto-robusto","status":"publish","type":"product","link":"https:\/\/operatrafik.com\/hu\/termek\/cle-prieto-robusto\/","title":{"rendered":"CLE Prieto Robusto"},"content":{"rendered":"<p>Ez a dobozban sajtolt nicaraguai szivar felt\u0171n\u0151en \u00e9l\u00e9nk kever\u00e9ket k\u00edn\u00e1l. M\u00edg testv\u00e9rkever\u00e9ke, a C.L.E. &#8220;Chele&#8221; szlengben feh\u00e9ret jelent, addig a &#8220;Prieto&#8221; szlengben s\u00f6t\u00e9tet. Christian Eiroa a n\u00e9vhez m\u00e9lt\u00f3an az els\u0151 Broadleaf Madurot alkalmazza a C.L.E. b\u00e1rmelyik kiad\u00e1s\u00e1ban.<\/p>","protected":false},"excerpt":{"rendered":"<p>Ez a dobozban sajtolt nicaraguai szivar felt\u0171n\u0151en \u00e9l\u00e9nk kever\u00e9ket k\u00edn\u00e1l. M\u00edg testv\u00e9rkever\u00e9ke, a C.L.E. &#8220;Chele&#8221; szlengben feh\u00e9ret jelent, addig a &#8220;Prieto&#8221; szlengben s\u00f6t\u00e9tet. Christian Eiroa a n\u00e9vhez m\u00e9lt\u00f3an az els\u0151 Broadleaf Madurot alkalmazza a C.L.E. b\u00e1rmelyik kiad\u00e1s\u00e1ban.<\/p>","protected":false},"featured_media":1842,"comment_status":"open","ping_status":"closed","template":"","meta":[],"product_brand":[383],"product_cat":[30],"product_tag":[],"class_list":{"0":"post-1729","1":"product","2":"type-product","3":"status-publish","4":"has-post-thumbnail","6":"product_brand-cle","7":"product_cat-cigars","8":"pa_binder-nicaragua-connecticut-broadleaf","9":"pa_color-maduro","10":"pa_filler-origin-nicaragua","11":"pa_filler-type-longfiller","12":"pa_format-parejo","13":"pa_handmade-kezi-sodrasu","14":"pa_manufacturer-nicaragua","15":"pa_size-robusto","16":"pa_strength-eros","17":"pa_wrapper-usa-connecticut-broadleaf","19":"first","20":"instock","21":"purchasable","22":"product-type-simple"},"aioseo_notices":[],"_links":{"self":[{"href":"https:\/\/operatrafik.com\/hu\/wp-json\/wp\/v2\/product\/1729","targetHints":{"allow":["GET"]}}],"collection":[{"href":"https:\/\/operatrafik.com\/hu\/wp-json\/wp\/v2\/product"}],"about":[{"href":"https:\/\/operatrafik.com\/hu\/wp-json\/wp\/v2\/types\/product"}],"replies":[{"embeddable":true,"href":"https:\/\/operatrafik.com\/hu\/wp-json\/wp\/v2\/comments?post=1729"}],"wp:featuredmedia":[{"embeddable":true,"href":"https:\/\/operatrafik.com\/hu\/wp-json\/wp\/v2\/media\/1842"}],"wp:attachment":[{"href":"https:\/\/operatrafik.com\/hu\/wp-json\/wp\/v2\/media?parent=1729"}],"wp:term":[{"taxonomy":"product_brand","embeddable":true,"href":"https:\/\/operatrafik.com\/hu\/wp-json\/wp\/v2\/product_brand?post=1729"},{"taxonomy":"product_cat","embeddable":true,"href":"https:\/\/operatrafik.com\/hu\/wp-json\/wp\/v2\/product_cat?post=1729"},{"taxonomy":"product_tag","embeddable":true,"href":"https:\/\/operatrafik.com\/hu\/wp-json\/wp\/v2\/product_tag?post=1729"}],"curies":[{"name":"wp","href":"https:\/\/api.w.org\/{rel}","templated":true}]}}