{"id":1731,"date":"2025-08-15T09:39:00","date_gmt":"2025-08-15T09:39:00","guid":{"rendered":"https:\/\/operatrafik.com\/product\/cle-signature-series-tht-eke-03-17\/"},"modified":"2025-08-18T07:16:01","modified_gmt":"2025-08-18T07:16:01","slug":"cle-signature-series-tht-eke-03-17","status":"publish","type":"product","link":"https:\/\/operatrafik.com\/hu\/termek\/cle-signature-series-tht-eke-03-17\/","title":{"rendered":"CLE Signature Series THT-EKE 03\/17"},"content":{"rendered":"<p>A CLE Signature Series, amely a hondurasi Las Lomas-i gy\u00e1rban k\u00e9sz\u00fcl, pr\u00e9mium doh\u00e1nyok szigor\u00faan titkos kever\u00e9k\u00e9t tartalmazza. Figyelemrem\u00e9lt\u00f3an \u00e9l\u00e9nk \u00e9s \u00edzgazdag, ugyanakkor b\u00e1rsonyos \u00e9s kiegyens\u00falyozott. Komplex profilj\u00e1val egy mesterm\u0171, gyenge pontok n\u00e9lk\u00fcli, szinte l\u00e1thatatlan varratokkal.<\/p>","protected":false},"excerpt":{"rendered":"<p>A CLE Signature Series, amely a hondurasi Las Lomas-i gy\u00e1rban k\u00e9sz\u00fcl, pr\u00e9mium doh\u00e1nyok szigor\u00faan titkos kever\u00e9k\u00e9t tartalmazza. Figyelemrem\u00e9lt\u00f3an \u00e9l\u00e9nk \u00e9s \u00edzgazdag, ugyanakkor b\u00e1rsonyos \u00e9s kiegyens\u00falyozott. Komplex profilj\u00e1val egy mesterm\u0171, gyenge pontok n\u00e9lk\u00fcli, szinte l\u00e1thatatlan varratokkal.<\/p>","protected":false},"featured_media":1844,"comment_status":"open","ping_status":"closed","template":"","meta":[],"product_brand":[383],"product_cat":[30],"product_tag":[],"class_list":{"0":"post-1731","1":"product","2":"type-product","3":"status-publish","4":"has-post-thumbnail","6":"product_brand-cle","7":"product_cat-cigars","8":"pa_binder-390","9":"pa_color-maduro","10":"pa_filler-origin-389","11":"pa_filler-type-longfiller","12":"pa_format-parejo","13":"pa_handmade-kezi-sodrasu","14":"pa_manufacturer-honduras","15":"pa_size-toro","16":"pa_strength-eros","17":"pa_wrapper-honduras-cameroon","19":"first","20":"instock","21":"purchasable","22":"product-type-simple"},"aioseo_notices":[],"_links":{"self":[{"href":"https:\/\/operatrafik.com\/hu\/wp-json\/wp\/v2\/product\/1731","targetHints":{"allow":["GET"]}}],"collection":[{"href":"https:\/\/operatrafik.com\/hu\/wp-json\/wp\/v2\/product"}],"about":[{"href":"https:\/\/operatrafik.com\/hu\/wp-json\/wp\/v2\/types\/product"}],"replies":[{"embeddable":true,"href":"https:\/\/operatrafik.com\/hu\/wp-json\/wp\/v2\/comments?post=1731"}],"wp:featuredmedia":[{"embeddable":true,"href":"https:\/\/operatrafik.com\/hu\/wp-json\/wp\/v2\/media\/1844"}],"wp:attachment":[{"href":"https:\/\/operatrafik.com\/hu\/wp-json\/wp\/v2\/media?parent=1731"}],"wp:term":[{"taxonomy":"product_brand","embeddable":true,"href":"https:\/\/operatrafik.com\/hu\/wp-json\/wp\/v2\/product_brand?post=1731"},{"taxonomy":"product_cat","embeddable":true,"href":"https:\/\/operatrafik.com\/hu\/wp-json\/wp\/v2\/product_cat?post=1731"},{"taxonomy":"product_tag","embeddable":true,"href":"https:\/\/operatrafik.com\/hu\/wp-json\/wp\/v2\/product_tag?post=1731"}],"curies":[{"name":"wp","href":"https:\/\/api.w.org\/{rel}","templated":true}]}}