{"id":1732,"date":"2025-08-15T09:39:00","date_gmt":"2025-08-15T09:39:00","guid":{"rendered":"https:\/\/operatrafik.com\/product\/despot-j-corona\/"},"modified":"2025-08-18T07:16:01","modified_gmt":"2025-08-18T07:16:01","slug":"despot-j-corona","status":"publish","type":"product","link":"https:\/\/operatrafik.com\/hu\/termek\/despot-j-corona\/","title":{"rendered":"Despot J Corona"},"content":{"rendered":"<p>\u00cdzprofil: Bors, f\u0171szer, fah\u00e9j, szerecsendi\u00f3, szegf\u0171szeg \u00e9s kr\u00e9mess\u00e9g.<\/p>","protected":false},"excerpt":{"rendered":"<p>\u00cdzprofil: Bors, f\u0171szer, fah\u00e9j, szerecsendi\u00f3, szegf\u0171szeg \u00e9s kr\u00e9mess\u00e9g.<\/p>","protected":false},"featured_media":1845,"comment_status":"open","ping_status":"closed","template":"","meta":[],"product_brand":[396],"product_cat":[30],"product_tag":[],"class_list":{"0":"post-1732","1":"product","2":"type-product","3":"status-publish","4":"has-post-thumbnail","6":"product_brand-despot","7":"product_cat-cigars","8":"pa_binder-ecuadorian-habano","9":"pa_color-colorado-maduro","10":"pa_filler-origin-seco-jalapa-nicaragua","11":"pa_filler-origin-viso-esteli-nicaragua","12":"pa_filler-origin-viso-pennsylvania-usa","13":"pa_filler-type-longfiller","14":"pa_format-parejo","15":"pa_handmade-kezi-sodrasu","16":"pa_manufacturer-nicaragua","17":"pa_size-corona","18":"pa_strength-kozepes-eros","19":"pa_wrapper-ecuadorian-habano","21":"first","22":"instock","23":"purchasable","24":"product-type-simple"},"aioseo_notices":[],"_links":{"self":[{"href":"https:\/\/operatrafik.com\/hu\/wp-json\/wp\/v2\/product\/1732","targetHints":{"allow":["GET"]}}],"collection":[{"href":"https:\/\/operatrafik.com\/hu\/wp-json\/wp\/v2\/product"}],"about":[{"href":"https:\/\/operatrafik.com\/hu\/wp-json\/wp\/v2\/types\/product"}],"replies":[{"embeddable":true,"href":"https:\/\/operatrafik.com\/hu\/wp-json\/wp\/v2\/comments?post=1732"}],"wp:featuredmedia":[{"embeddable":true,"href":"https:\/\/operatrafik.com\/hu\/wp-json\/wp\/v2\/media\/1845"}],"wp:attachment":[{"href":"https:\/\/operatrafik.com\/hu\/wp-json\/wp\/v2\/media?parent=1732"}],"wp:term":[{"taxonomy":"product_brand","embeddable":true,"href":"https:\/\/operatrafik.com\/hu\/wp-json\/wp\/v2\/product_brand?post=1732"},{"taxonomy":"product_cat","embeddable":true,"href":"https:\/\/operatrafik.com\/hu\/wp-json\/wp\/v2\/product_cat?post=1732"},{"taxonomy":"product_tag","embeddable":true,"href":"https:\/\/operatrafik.com\/hu\/wp-json\/wp\/v2\/product_tag?post=1732"}],"curies":[{"name":"wp","href":"https:\/\/api.w.org\/{rel}","templated":true}]}}