{"id":1737,"date":"2025-08-15T09:39:01","date_gmt":"2025-08-15T09:39:01","guid":{"rendered":"https:\/\/operatrafik.com\/product\/despot-u-double-corona\/"},"modified":"2025-08-18T07:16:02","modified_gmt":"2025-08-18T07:16:02","slug":"despot-u-double-corona","status":"publish","type":"product","link":"https:\/\/operatrafik.com\/hu\/termek\/despot-u-double-corona\/","title":{"rendered":"Despot U Double Corona"},"content":{"rendered":"<p>\u00cdzprofil: \u00c9des s\u00fct\u0151f\u0171szer, bors, kr\u00e9mess\u00e9g \u00e9s f\u00f6ld, teljes \u00edzzel kombin\u00e1lva m\u00e1r az els\u0151 slukkban.<\/p>","protected":false},"excerpt":{"rendered":"<p>\u00cdzprofil: \u00c9des s\u00fct\u0151f\u0171szer, bors, kr\u00e9mess\u00e9g \u00e9s f\u00f6ld, teljes \u00edzzel kombin\u00e1lva m\u00e1r az els\u0151 slukkban.<\/p>","protected":false},"featured_media":1850,"comment_status":"open","ping_status":"closed","template":"","meta":[],"product_brand":[396],"product_cat":[30],"product_tag":[],"class_list":{"0":"post-1737","1":"product","2":"type-product","3":"status-publish","4":"has-post-thumbnail","6":"product_brand-despot","7":"product_cat-cigars","8":"pa_binder-ecuadorian-habano","9":"pa_color-claro","10":"pa_filler-origin-viso-esteli","11":"pa_filler-origin-viso-jalapa","12":"pa_filler-origin-volado-jalapa","13":"pa_filler-type-longfiller","14":"pa_format-parejo","15":"pa_handmade-kezi-sodrasu","16":"pa_manufacturer-nicaragua","17":"pa_size-corona-grande","18":"pa_strength-kozepes","19":"pa_wrapper-ecuadorian-habano-claro","21":"first","22":"instock","23":"purchasable","24":"product-type-simple"},"aioseo_notices":[],"_links":{"self":[{"href":"https:\/\/operatrafik.com\/hu\/wp-json\/wp\/v2\/product\/1737","targetHints":{"allow":["GET"]}}],"collection":[{"href":"https:\/\/operatrafik.com\/hu\/wp-json\/wp\/v2\/product"}],"about":[{"href":"https:\/\/operatrafik.com\/hu\/wp-json\/wp\/v2\/types\/product"}],"replies":[{"embeddable":true,"href":"https:\/\/operatrafik.com\/hu\/wp-json\/wp\/v2\/comments?post=1737"}],"wp:featuredmedia":[{"embeddable":true,"href":"https:\/\/operatrafik.com\/hu\/wp-json\/wp\/v2\/media\/1850"}],"wp:attachment":[{"href":"https:\/\/operatrafik.com\/hu\/wp-json\/wp\/v2\/media?parent=1737"}],"wp:term":[{"taxonomy":"product_brand","embeddable":true,"href":"https:\/\/operatrafik.com\/hu\/wp-json\/wp\/v2\/product_brand?post=1737"},{"taxonomy":"product_cat","embeddable":true,"href":"https:\/\/operatrafik.com\/hu\/wp-json\/wp\/v2\/product_cat?post=1737"},{"taxonomy":"product_tag","embeddable":true,"href":"https:\/\/operatrafik.com\/hu\/wp-json\/wp\/v2\/product_tag?post=1737"}],"curies":[{"name":"wp","href":"https:\/\/api.w.org\/{rel}","templated":true}]}}