{"id":1745,"date":"2025-08-15T09:39:01","date_gmt":"2025-08-15T09:39:01","guid":{"rendered":"https:\/\/operatrafik.com\/product\/eiroa-cbt-maduro-corona-presando\/"},"modified":"2025-08-18T07:16:03","modified_gmt":"2025-08-18T07:16:03","slug":"eiroa-cbt-maduro-corona-presando","status":"publish","type":"product","link":"https:\/\/operatrafik.com\/hu\/termek\/eiroa-cbt-maduro-corona-presando\/","title":{"rendered":"Eiroa CBT Maduro Corona Presando"},"content":{"rendered":"<p>Az Eiroa hondurasi El Aladino gy\u00e1r\u00e1b\u00f3l sz\u00e1rmaz\u00f3 CBT Maduro bor\u00edt\u00f3ja, k\u00f6t\u0151anyaga \u00e9s t\u00f6lt\u0151anyaga 100% Maduro leveleket haszn\u00e1l, amelyeket a gy\u00e1r legjobb alapanyagaib\u00f3l sz\u00fcretelnek. A CBT Maduro sima \u00e9s rendk\u00edv\u00fcl gazdag, a fa, bors, eszpressz\u00f3 \u00e9s \u00e9tcsokol\u00e1d\u00e9 er\u0151teljes, elszenesedett jegyeivel, a CBT Maduro lecseng\u00e9se b\u0151s\u00e9gesen mer\u00e9sz \u00e9s h\u00fasos. Ez egy rendk\u00edv\u00fcl nehezen keverhet\u0151 kombin\u00e1ci\u00f3, de az Eiroa megalkotta.<\/p>","protected":false},"excerpt":{"rendered":"<p>Az Eiroa hondurasi El Aladino gy\u00e1r\u00e1b\u00f3l sz\u00e1rmaz\u00f3 CBT Maduro bor\u00edt\u00f3ja, k\u00f6t\u0151anyaga \u00e9s t\u00f6lt\u0151anyaga 100% Maduro leveleket haszn\u00e1l, amelyeket a gy\u00e1r legjobb alapanyagaib\u00f3l sz\u00fcretelnek. A CBT Maduro sima \u00e9s rendk\u00edv\u00fcl gazdag, a fa, bors, eszpressz\u00f3 \u00e9s \u00e9tcsokol\u00e1d\u00e9 er\u0151teljes, elszenesedett jegyeivel, a CBT Maduro lecseng\u00e9se b\u0151s\u00e9gesen mer\u00e9sz \u00e9s h\u00fasos. Ez egy rendk\u00edv\u00fcl nehezen keverhet\u0151 kombin\u00e1ci\u00f3, de az [&hellip;]<\/p>","protected":false},"featured_media":1858,"comment_status":"open","ping_status":"closed","template":"","meta":[],"product_brand":[414],"product_cat":[30],"product_tag":[],"class_list":{"0":"post-1745","1":"product","2":"type-product","3":"status-publish","4":"has-post-thumbnail","6":"product_brand-eiroa","7":"product_cat-cigars","8":"pa_binder-honduras","9":"pa_color-maduro","10":"pa_filler-origin-honduras","11":"pa_filler-type-longfiller","12":"pa_format-parejo","13":"pa_handmade-kezi-sodrasu","14":"pa_manufacturer-honduras","15":"pa_size-corona","16":"pa_strength-eros","17":"pa_wrapper-mexican-san-andres-maduro","19":"first","20":"instock","21":"purchasable","22":"product-type-simple"},"aioseo_notices":[],"_links":{"self":[{"href":"https:\/\/operatrafik.com\/hu\/wp-json\/wp\/v2\/product\/1745","targetHints":{"allow":["GET"]}}],"collection":[{"href":"https:\/\/operatrafik.com\/hu\/wp-json\/wp\/v2\/product"}],"about":[{"href":"https:\/\/operatrafik.com\/hu\/wp-json\/wp\/v2\/types\/product"}],"replies":[{"embeddable":true,"href":"https:\/\/operatrafik.com\/hu\/wp-json\/wp\/v2\/comments?post=1745"}],"wp:featuredmedia":[{"embeddable":true,"href":"https:\/\/operatrafik.com\/hu\/wp-json\/wp\/v2\/media\/1858"}],"wp:attachment":[{"href":"https:\/\/operatrafik.com\/hu\/wp-json\/wp\/v2\/media?parent=1745"}],"wp:term":[{"taxonomy":"product_brand","embeddable":true,"href":"https:\/\/operatrafik.com\/hu\/wp-json\/wp\/v2\/product_brand?post=1745"},{"taxonomy":"product_cat","embeddable":true,"href":"https:\/\/operatrafik.com\/hu\/wp-json\/wp\/v2\/product_cat?post=1745"},{"taxonomy":"product_tag","embeddable":true,"href":"https:\/\/operatrafik.com\/hu\/wp-json\/wp\/v2\/product_tag?post=1745"}],"curies":[{"name":"wp","href":"https:\/\/api.w.org\/{rel}","templated":true}]}}