{"id":1752,"date":"2025-08-15T09:39:05","date_gmt":"2025-08-15T09:39:05","guid":{"rendered":"https:\/\/operatrafik.com\/product\/eiroa-classic-robusto\/"},"modified":"2025-08-18T07:16:04","modified_gmt":"2025-08-18T07:16:04","slug":"eiroa-classic-robusto","status":"publish","type":"product","link":"https:\/\/operatrafik.com\/hu\/termek\/eiroa-classic-robusto\/","title":{"rendered":"Eiroa Classic Robusto"},"content":{"rendered":"<p>A testes Eiroa finom b\u0151r- \u00e9s borsjegyekkel indul. \u00cdze jellegzetes, \u00e9les, s\u00f3s-\u00e9des jegyekkel b\u00fcszk\u00e9lkedhet. A m\u00e1sodik harmadban er\u0151s\u00f6dni kezd \u00e9s karaktert fejleszt. A hossz\u00fa lecseng\u00e9s \u00e9ppen megfelel\u0151 kaka\u00f3s, k\u00e1v\u00e9s \u00e9s kr\u00e9mes \u00e1rnyalatokkal. Sima h\u00faz\u00e1ssal, szil\u00e1rd kompoz\u00edci\u00f3val \u00e9s leny\u0171g\u00f6z\u0151en egyedi \u00edzvil\u00e1ggal b\u00fcszk\u00e9lkedhet, folytatva az EIROA \u00e1ltal oly j\u00f3l ismert legend\u00e1t.<\/p>","protected":false},"excerpt":{"rendered":"<p>A testes Eiroa finom b\u0151r- \u00e9s borsjegyekkel indul. \u00cdze jellegzetes, \u00e9les, s\u00f3s-\u00e9des jegyekkel b\u00fcszk\u00e9lkedhet. A m\u00e1sodik harmadban er\u0151s\u00f6dni kezd \u00e9s karaktert fejleszt. A hossz\u00fa lecseng\u00e9s \u00e9ppen megfelel\u0151 kaka\u00f3s, k\u00e1v\u00e9s \u00e9s kr\u00e9mes \u00e1rnyalatokkal. Sima h\u00faz\u00e1ssal, szil\u00e1rd kompoz\u00edci\u00f3val \u00e9s leny\u0171g\u00f6z\u0151en egyedi \u00edzvil\u00e1ggal b\u00fcszk\u00e9lkedhet, folytatva az EIROA \u00e1ltal oly j\u00f3l ismert legend\u00e1t.<\/p>","protected":false},"featured_media":1862,"comment_status":"open","ping_status":"closed","template":"","meta":[],"product_brand":[414],"product_cat":[30],"product_tag":[],"class_list":{"0":"post-1752","1":"product","2":"type-product","3":"status-publish","4":"has-post-thumbnail","6":"product_brand-eiroa","7":"product_cat-cigars","8":"pa_binder-honduran-corojo","9":"pa_color-colorado-maduro","10":"pa_filler-origin-honduran-corojo","11":"pa_filler-type-longfiller","12":"pa_format-parejo","13":"pa_handmade-kezi-sodrasu","14":"pa_manufacturer-honduras","15":"pa_size-robusto","16":"pa_strength-kozepes","17":"pa_wrapper-honduras","19":"first","20":"instock","21":"purchasable","22":"product-type-simple"},"aioseo_notices":[],"_links":{"self":[{"href":"https:\/\/operatrafik.com\/hu\/wp-json\/wp\/v2\/product\/1752","targetHints":{"allow":["GET"]}}],"collection":[{"href":"https:\/\/operatrafik.com\/hu\/wp-json\/wp\/v2\/product"}],"about":[{"href":"https:\/\/operatrafik.com\/hu\/wp-json\/wp\/v2\/types\/product"}],"replies":[{"embeddable":true,"href":"https:\/\/operatrafik.com\/hu\/wp-json\/wp\/v2\/comments?post=1752"}],"wp:featuredmedia":[{"embeddable":true,"href":"https:\/\/operatrafik.com\/hu\/wp-json\/wp\/v2\/media\/1862"}],"wp:attachment":[{"href":"https:\/\/operatrafik.com\/hu\/wp-json\/wp\/v2\/media?parent=1752"}],"wp:term":[{"taxonomy":"product_brand","embeddable":true,"href":"https:\/\/operatrafik.com\/hu\/wp-json\/wp\/v2\/product_brand?post=1752"},{"taxonomy":"product_cat","embeddable":true,"href":"https:\/\/operatrafik.com\/hu\/wp-json\/wp\/v2\/product_cat?post=1752"},{"taxonomy":"product_tag","embeddable":true,"href":"https:\/\/operatrafik.com\/hu\/wp-json\/wp\/v2\/product_tag?post=1752"}],"curies":[{"name":"wp","href":"https:\/\/api.w.org\/{rel}","templated":true}]}}