{"id":1756,"date":"2025-08-15T09:39:05","date_gmt":"2025-08-15T09:39:05","guid":{"rendered":"https:\/\/operatrafik.com\/product\/eiroa-the-first-20-years-diadema\/"},"modified":"2025-08-18T07:16:05","modified_gmt":"2025-08-18T07:16:05","slug":"eiroa-the-first-20-years-diadema","status":"publish","type":"product","link":"https:\/\/operatrafik.com\/hu\/termek\/eiroa-the-first-20-years-diadema\/","title":{"rendered":"Eiroa The First 20 Years Diadema"},"content":{"rendered":"<p>Az Eiroa &#8220;The First 20 Years&#8221; egy dobozban sajtolt hondurasi szivar, hondurasi bor\u00edt\u00f3val, k\u00f6t\u0151anyaggal \u00e9s t\u00f6lt\u0151anyaggal. K\u00f6zepes vagy telt test\u0171, az elk\u00e9nyeztet\u0151 \u00edzek teljes spektrum\u00e1val, sz\u00e1m\u00edtson az \u00e9tcsokol\u00e1d\u00e9, az eszpressz\u00f3, a di\u00f3f\u00e9l\u00e9k, a f\u00f6ld \u00e9s a b\u0151r finoms\u00e1gaira, hogy harmonikus \u00e9s \u00f6sszetett \u00e9lm\u00e9nyt ny\u00fajtson.<\/p>","protected":false},"excerpt":{"rendered":"<p>Az Eiroa &#8220;The First 20 Years&#8221; egy dobozban sajtolt hondurasi szivar, hondurasi bor\u00edt\u00f3val, k\u00f6t\u0151anyaggal \u00e9s t\u00f6lt\u0151anyaggal. K\u00f6zepes vagy telt test\u0171, az elk\u00e9nyeztet\u0151 \u00edzek teljes spektrum\u00e1val, sz\u00e1m\u00edtson az \u00e9tcsokol\u00e1d\u00e9, az eszpressz\u00f3, a di\u00f3f\u00e9l\u00e9k, a f\u00f6ld \u00e9s a b\u0151r finoms\u00e1gaira, hogy harmonikus \u00e9s \u00f6sszetett \u00e9lm\u00e9nyt ny\u00fajtson.<\/p>","protected":false},"featured_media":1866,"comment_status":"open","ping_status":"closed","template":"","meta":[],"product_brand":[414],"product_cat":[30],"product_tag":[],"class_list":{"0":"post-1756","1":"product","2":"type-product","3":"status-publish","4":"has-post-thumbnail","6":"product_brand-eiroa","7":"product_cat-cigars","8":"pa_binder-honduras","9":"pa_color-maduro","10":"pa_filler-origin-honduras","11":"pa_filler-type-longfiller","12":"pa_format-diadema","13":"pa_handmade-kezi-sodrasu","14":"pa_manufacturer-honduras","15":"pa_size-salomon","16":"pa_strength-kozepes","17":"pa_wrapper-honduras","19":"first","20":"instock","21":"purchasable","22":"product-type-simple"},"aioseo_notices":[],"_links":{"self":[{"href":"https:\/\/operatrafik.com\/hu\/wp-json\/wp\/v2\/product\/1756","targetHints":{"allow":["GET"]}}],"collection":[{"href":"https:\/\/operatrafik.com\/hu\/wp-json\/wp\/v2\/product"}],"about":[{"href":"https:\/\/operatrafik.com\/hu\/wp-json\/wp\/v2\/types\/product"}],"replies":[{"embeddable":true,"href":"https:\/\/operatrafik.com\/hu\/wp-json\/wp\/v2\/comments?post=1756"}],"wp:featuredmedia":[{"embeddable":true,"href":"https:\/\/operatrafik.com\/hu\/wp-json\/wp\/v2\/media\/1866"}],"wp:attachment":[{"href":"https:\/\/operatrafik.com\/hu\/wp-json\/wp\/v2\/media?parent=1756"}],"wp:term":[{"taxonomy":"product_brand","embeddable":true,"href":"https:\/\/operatrafik.com\/hu\/wp-json\/wp\/v2\/product_brand?post=1756"},{"taxonomy":"product_cat","embeddable":true,"href":"https:\/\/operatrafik.com\/hu\/wp-json\/wp\/v2\/product_cat?post=1756"},{"taxonomy":"product_tag","embeddable":true,"href":"https:\/\/operatrafik.com\/hu\/wp-json\/wp\/v2\/product_tag?post=1756"}],"curies":[{"name":"wp","href":"https:\/\/api.w.org\/{rel}","templated":true}]}}