{"id":1760,"date":"2025-08-15T09:39:06","date_gmt":"2025-08-15T09:39:06","guid":{"rendered":"https:\/\/operatrafik.com\/product\/essenze-habano-lancero-box-13-szal\/"},"modified":"2025-08-18T07:16:05","modified_gmt":"2025-08-18T07:16:05","slug":"essenze-habano-lancero-box-13-szal","status":"publish","type":"product","link":"https:\/\/operatrafik.com\/hu\/termek\/essenze-habano-lancero-box-13-szal\/","title":{"rendered":"Essenze Habano Lancero Box 13 sz\u00e1l"},"content":{"rendered":"<p>A finom szivarok e kozmikus doboz\u00e1t Szaturnusz fens\u00e9ges alakja \u0151rzi &#8211; az alkimist\u00e1k v\u00e9d\u0151szentje, a mez\u0151gazdas\u00e1g istene \u00e9s az id\u0151 istens\u00e9ge.<\/p>","protected":false},"excerpt":{"rendered":"<p>A finom szivarok e kozmikus doboz\u00e1t Szaturnusz fens\u00e9ges alakja \u0151rzi &#8211; az alkimist\u00e1k v\u00e9d\u0151szentje, a mez\u0151gazdas\u00e1g istene \u00e9s az id\u0151 istens\u00e9ge.<\/p>","protected":false},"featured_media":1869,"comment_status":"open","ping_status":"closed","template":"","meta":[],"product_brand":[422],"product_cat":[30],"product_tag":[],"class_list":{"0":"post-1760","1":"product","2":"type-product","3":"status-publish","4":"has-post-thumbnail","6":"product_brand-essenze","7":"product_cat-cigars","8":"pa_color-colorado","9":"pa_format-parejo","10":"pa_size-lancero","12":"first","13":"instock","14":"purchasable","15":"product-type-simple"},"aioseo_notices":[],"_links":{"self":[{"href":"https:\/\/operatrafik.com\/hu\/wp-json\/wp\/v2\/product\/1760","targetHints":{"allow":["GET"]}}],"collection":[{"href":"https:\/\/operatrafik.com\/hu\/wp-json\/wp\/v2\/product"}],"about":[{"href":"https:\/\/operatrafik.com\/hu\/wp-json\/wp\/v2\/types\/product"}],"replies":[{"embeddable":true,"href":"https:\/\/operatrafik.com\/hu\/wp-json\/wp\/v2\/comments?post=1760"}],"wp:featuredmedia":[{"embeddable":true,"href":"https:\/\/operatrafik.com\/hu\/wp-json\/wp\/v2\/media\/1869"}],"wp:attachment":[{"href":"https:\/\/operatrafik.com\/hu\/wp-json\/wp\/v2\/media?parent=1760"}],"wp:term":[{"taxonomy":"product_brand","embeddable":true,"href":"https:\/\/operatrafik.com\/hu\/wp-json\/wp\/v2\/product_brand?post=1760"},{"taxonomy":"product_cat","embeddable":true,"href":"https:\/\/operatrafik.com\/hu\/wp-json\/wp\/v2\/product_cat?post=1760"},{"taxonomy":"product_tag","embeddable":true,"href":"https:\/\/operatrafik.com\/hu\/wp-json\/wp\/v2\/product_tag?post=1760"}],"curies":[{"name":"wp","href":"https:\/\/api.w.org\/{rel}","templated":true}]}}