{"id":1761,"date":"2025-08-15T09:39:06","date_gmt":"2025-08-15T09:39:06","guid":{"rendered":"https:\/\/operatrafik.com\/product\/essenze-habano-robusto-enceladus\/"},"modified":"2025-08-18T07:16:05","modified_gmt":"2025-08-18T07:16:05","slug":"essenze-habano-robusto-enceladus","status":"publish","type":"product","link":"https:\/\/operatrafik.com\/hu\/termek\/essenze-habano-robusto-enceladus\/","title":{"rendered":"Essenze Habano Robusto Enceladus"},"content":{"rendered":"<p>Az ecuadori habano bor\u00edt\u00f3 t\u00f6k\u00e9letes\u00a0egyens\u00falyt teremt a 10 \u00e9vig \u00e9rlelt dominikai t\u00f6ltel\u00e9kkel.<br \/>\nGy\u00f6ny\u00f6r\u0171, f\u00e9nyes bor\u00edt\u00f3lev\u00e9l, k\u00f6zepes er\u0151ss\u00e9g\u0171 \u00e9s selymes, kr\u00e9mes \u00edzprofilja ide\u00e1lis \u00e9lm\u00e9nyt ny\u00fajt minden szivarrajong\u00f3nak, legyen az ak\u00e1r kezd\u0151 szivaros vagy tapasztalt \u00ednyenc.<\/p>","protected":false},"excerpt":{"rendered":"<p>Az ecuadori habano bor\u00edt\u00f3 t\u00f6k\u00e9letes\u00a0egyens\u00falyt teremt a 10 \u00e9vig \u00e9rlelt dominikai t\u00f6ltel\u00e9kkel. Gy\u00f6ny\u00f6r\u0171, f\u00e9nyes bor\u00edt\u00f3lev\u00e9l, k\u00f6zepes er\u0151ss\u00e9g\u0171 \u00e9s selymes, kr\u00e9mes \u00edzprofilja ide\u00e1lis \u00e9lm\u00e9nyt ny\u00fajt minden szivarrajong\u00f3nak, legyen az ak\u00e1r kezd\u0151 szivaros vagy tapasztalt \u00ednyenc.<\/p>","protected":false},"featured_media":1870,"comment_status":"open","ping_status":"closed","template":"","meta":[],"product_brand":[422],"product_cat":[30],"product_tag":[],"class_list":{"0":"post-1761","1":"product","2":"type-product","3":"status-publish","4":"has-post-thumbnail","6":"product_brand-essenze","7":"product_cat-cigars","8":"pa_binder-ecuadorian-habano","9":"pa_color-colorado","10":"pa_filler-origin-dominica","11":"pa_filler-type-longfiller","12":"pa_format-parejo","13":"pa_manufacturer-kezi-sodrasu","14":"pa_size-robusto","15":"pa_strength-kozepes","16":"pa_wrapper-dominica","18":"first","19":"instock","20":"purchasable","21":"product-type-simple"},"aioseo_notices":[],"_links":{"self":[{"href":"https:\/\/operatrafik.com\/hu\/wp-json\/wp\/v2\/product\/1761","targetHints":{"allow":["GET"]}}],"collection":[{"href":"https:\/\/operatrafik.com\/hu\/wp-json\/wp\/v2\/product"}],"about":[{"href":"https:\/\/operatrafik.com\/hu\/wp-json\/wp\/v2\/types\/product"}],"replies":[{"embeddable":true,"href":"https:\/\/operatrafik.com\/hu\/wp-json\/wp\/v2\/comments?post=1761"}],"wp:featuredmedia":[{"embeddable":true,"href":"https:\/\/operatrafik.com\/hu\/wp-json\/wp\/v2\/media\/1870"}],"wp:attachment":[{"href":"https:\/\/operatrafik.com\/hu\/wp-json\/wp\/v2\/media?parent=1761"}],"wp:term":[{"taxonomy":"product_brand","embeddable":true,"href":"https:\/\/operatrafik.com\/hu\/wp-json\/wp\/v2\/product_brand?post=1761"},{"taxonomy":"product_cat","embeddable":true,"href":"https:\/\/operatrafik.com\/hu\/wp-json\/wp\/v2\/product_cat?post=1761"},{"taxonomy":"product_tag","embeddable":true,"href":"https:\/\/operatrafik.com\/hu\/wp-json\/wp\/v2\/product_tag?post=1761"}],"curies":[{"name":"wp","href":"https:\/\/api.w.org\/{rel}","templated":true}]}}