{"id":1875,"date":"2025-08-15T12:37:32","date_gmt":"2025-08-15T12:37:32","guid":{"rendered":"https:\/\/operatrafik.com\/product\/quesada-40th-anniversary-robusto\/"},"modified":"2025-09-01T12:36:21","modified_gmt":"2025-09-01T12:36:21","slug":"quesada-40th-anniversary-robusto","status":"publish","type":"product","link":"https:\/\/operatrafik.com\/hu\/termek\/quesada-40th-anniversary-robusto\/","title":{"rendered":"Quesada 40th Anniversary Robusto"},"content":{"rendered":"<p>Ha klasszikus szivarmin\u0151s\u00e9get keres, akkor mindenk\u00e9ppen n\u00e9zze meg ezt a Patricia \u00e9s Raquel Quesada \u00e1ltal \u00fcgyesen l\u00e9trehozott tiszteletad\u00e1st, amellyel h\u00edres \u00e9desapjuk, Manuel Quesada 40. pr\u00e9mium szivargy\u00e1rt\u00e1si \u00e9vfordul\u00f3j\u00e1t \u00fcnneplik.<\/p>","protected":false},"excerpt":{"rendered":"<p>Ha klasszikus szivarmin\u0151s\u00e9get keres, akkor mindenk\u00e9ppen n\u00e9zze meg ezt a Patricia \u00e9s Raquel Quesada \u00e1ltal \u00fcgyesen l\u00e9trehozott tiszteletad\u00e1st, amellyel h\u00edres \u00e9desapjuk, Manuel Quesada 40. pr\u00e9mium szivargy\u00e1rt\u00e1si \u00e9vfordul\u00f3j\u00e1t \u00fcnneplik.<\/p>","protected":false},"featured_media":1974,"comment_status":"open","ping_status":"closed","template":"","meta":[],"product_brand":[438],"product_cat":[30],"product_tag":[],"class_list":{"0":"post-1875","1":"product","2":"type-product","3":"status-publish","4":"has-post-thumbnail","6":"product_brand-quesada","7":"product_cat-cigars","8":"pa_binder-dominica","9":"pa_color-maduro","10":"pa_filler-origin-dominica","11":"pa_filler-origin-nicaragua","12":"pa_filler-type-longfiller","13":"pa_format-parejo","14":"pa_handmade-kezi-sodrasu","15":"pa_manufacturer-dominica","16":"pa_size-robusto","17":"pa_strength-kozepes","18":"pa_wrapper-mexican-san-andres","20":"first","21":"instock","22":"purchasable","23":"product-type-simple"},"aioseo_notices":[],"_links":{"self":[{"href":"https:\/\/operatrafik.com\/hu\/wp-json\/wp\/v2\/product\/1875","targetHints":{"allow":["GET"]}}],"collection":[{"href":"https:\/\/operatrafik.com\/hu\/wp-json\/wp\/v2\/product"}],"about":[{"href":"https:\/\/operatrafik.com\/hu\/wp-json\/wp\/v2\/types\/product"}],"replies":[{"embeddable":true,"href":"https:\/\/operatrafik.com\/hu\/wp-json\/wp\/v2\/comments?post=1875"}],"wp:featuredmedia":[{"embeddable":true,"href":"https:\/\/operatrafik.com\/hu\/wp-json\/wp\/v2\/media\/1974"}],"wp:attachment":[{"href":"https:\/\/operatrafik.com\/hu\/wp-json\/wp\/v2\/media?parent=1875"}],"wp:term":[{"taxonomy":"product_brand","embeddable":true,"href":"https:\/\/operatrafik.com\/hu\/wp-json\/wp\/v2\/product_brand?post=1875"},{"taxonomy":"product_cat","embeddable":true,"href":"https:\/\/operatrafik.com\/hu\/wp-json\/wp\/v2\/product_cat?post=1875"},{"taxonomy":"product_tag","embeddable":true,"href":"https:\/\/operatrafik.com\/hu\/wp-json\/wp\/v2\/product_tag?post=1875"}],"curies":[{"name":"wp","href":"https:\/\/api.w.org\/{rel}","templated":true}]}}